{"id":945,"date":"2025-08-18T12:37:29","date_gmt":"2025-08-18T15:37:29","guid":{"rendered":"https:\/\/radiorcj.com.br\/radio\/?page_id=945"},"modified":"2025-08-18T13:00:58","modified_gmt":"2025-08-18T16:00:58","slug":"radio-rcj","status":"publish","type":"page","link":"https:\/\/radiorcj.com.br\/radio\/radio-rcj\/","title":{"rendered":"R\u00e1dio RCJ"},"content":{"rendered":"\n<p><\/p>\n\n\n\n<div class=\"wp-block-uagb-container uagb-block-c5437c63 alignfull uagb-is-root-container\"><div class=\"uagb-container-inner-blocks-wrap\">\n<div class=\"wp-block-uagb-image alignleft uagb-block-cbf83443 wp-block-uagb-image--layout-default wp-block-uagb-image--effect-static wp-block-uagb-image--align-left\"><figure class=\"wp-block-uagb-image__figure\"><img decoding=\"async\" srcset=\"https:\/\/radiorcj.com.br\/radio\/wp-content\/uploads\/2025\/08\/RADIO-RCJ-2025-Logo-1600-x-250-1024x130.png ,https:\/\/radiorcj.com.br\/radio\/wp-content\/uploads\/2025\/08\/RADIO-RCJ-2025-Logo-1600-x-250.png 780w, https:\/\/radiorcj.com.br\/radio\/wp-content\/uploads\/2025\/08\/RADIO-RCJ-2025-Logo-1600-x-250.png 360w\" sizes=\"auto, (max-width: 480px) 150px\" src=\"https:\/\/radiorcj.com.br\/radio\/wp-content\/uploads\/2025\/08\/RADIO-RCJ-2025-Logo-1600-x-250-1024x130.png\" alt=\"\" class=\"uag-image-946\" width=\"1024\" height=\"130\" title=\"RADIO RCJ - 2025 - Logo 1600 x 250\" loading=\"lazy\" role=\"img\"\/><\/figure><\/div>\n<\/div><\/div>\n\n\n\n<div class=\"wp-block-uagb-container uagb-block-69880c3f alignfull uagb-is-root-container\"><div class=\"uagb-container-inner-blocks-wrap\">\n<iframe loading=\"lazy\" src=\"https:\/\/play.stmip.net\/sc9226\/cinco.html\" frameborder=\"0\" width=\"100%\" height=\"600\" scrolling=\"yes\" noresize allow=\"autoplay\"><\/iframe>\n\n\n\n\t\t\t<div class=\"wp-block-uagb-post-carousel uagb-post-grid  uagb-post__image-position-top uagb-post__image-enabled uagb-block-8e7a30c1     uagb-post__arrow-outside uagb-slick-carousel uagb-post__items uagb-post__columns-4 is-carousel uagb-post__columns-tablet-2 uagb-post__columns-mobile-1 uagb-post__carousel_equal-height\" data-total=\"1\" style=\"\">\n\n\t\t\t\t\t\t\t\t\t\t\t\t<article class=\"uagb-post__inner-wrap\">\t\t\t\t\t\t\t\t<div class='uagb-post__image'>\n\t\t\t\t\t\t\t\t\t<a href=\"https:\/\/radiorcj.com.br\/radio\/2023\/04\/10\/loja-especializada-em-ar-condicionado-para-veiculos\/\" target=\"_self\" rel=\"bookmark noopener noreferrer\"><img loading=\"lazy\" decoding=\"async\" width=\"601\" height=\"231\" src=\"https:\/\/radiorcj.com.br\/radio\/wp-content\/uploads\/2023\/04\/VansOnibus-e1681140644451.webp\" class=\"attachment-full size-full\" alt=\"\" srcset=\"https:\/\/radiorcj.com.br\/radio\/wp-content\/uploads\/2023\/04\/VansOnibus-e1681140644451.webp 601w, https:\/\/radiorcj.com.br\/radio\/wp-content\/uploads\/2023\/04\/VansOnibus-e1681140644451-300x115.webp 300w\" sizes=\"auto, (max-width: 601px) 100vw, 601px\" \/>\t\t\t\t\t<\/a>\n\t\t\t\t\t\t\t\t\t<\/div>\n\t\t\t\t\t\t<h4 class=\"uagb-post__title uagb-post__text\">\n\t\t\t\t<a href=\"https:\/\/radiorcj.com.br\/radio\/2023\/04\/10\/loja-especializada-em-ar-condicionado-para-veiculos\/\" target=\"_self\" rel=\"bookmark noopener noreferrer\">Loja especializada em ar condicionado para ve\u00edculos<\/a>\n\t\t\t<\/h4>\n\t\t\t\t\t\t<div class='uagb-post__text uagb-post-grid-byline'>\n\t\t\t\t\t\t\t<\/div>\n\t\t\t\t\t\t\t<div class='uagb-post__text uagb-post__excerpt'>\n\t\t\t\t\t<p>A Fuji Ar Condicionados \u00e9 uma&#8230;\t\t\t\t<\/div>\n\t\t\t\t\t\t<div class=\"uagb-post__text uagb-post__cta wp-block-button\">\n\t\t\t\t<a class=\"wp-block-button__link uagb-text-link\" style=\"\" href=\"https:\/\/radiorcj.com.br\/radio\/2023\/04\/10\/loja-especializada-em-ar-condicionado-para-veiculos\/\" target=\"_self\" rel=\"bookmark noopener noreferrer\">Ler mais<\/a>\n\t\t\t<\/div>\n\t\t\t\n\t\t\t\t\t\t\t\t\t<\/article>\n\t\t\t\t\t\t\t\t\t\t\t\t\t\t\t\t<article class=\"uagb-post__inner-wrap\">\t\t\t\t\t\t\t\t<div class='uagb-post__image'>\n\t\t\t\t\t\t\t\t\t<a href=\"https:\/\/radiorcj.com.br\/radio\/2023\/04\/10\/abertura-nem-me-fale-podcast\/\" target=\"_self\" rel=\"bookmark noopener noreferrer\"><img loading=\"lazy\" decoding=\"async\" width=\"1440\" height=\"1204\" src=\"https:\/\/radiorcj.com.br\/radio\/wp-content\/uploads\/2023\/04\/Logo-Site-Nem-me-fale-PODCAST.png\" class=\"attachment-full size-full\" alt=\"\" srcset=\"https:\/\/radiorcj.com.br\/radio\/wp-content\/uploads\/2023\/04\/Logo-Site-Nem-me-fale-PODCAST.png 1440w, https:\/\/radiorcj.com.br\/radio\/wp-content\/uploads\/2023\/04\/Logo-Site-Nem-me-fale-PODCAST-300x251.png 300w, https:\/\/radiorcj.com.br\/radio\/wp-content\/uploads\/2023\/04\/Logo-Site-Nem-me-fale-PODCAST-1024x856.png 1024w, https:\/\/radiorcj.com.br\/radio\/wp-content\/uploads\/2023\/04\/Logo-Site-Nem-me-fale-PODCAST-768x642.png 768w\" sizes=\"auto, (max-width: 1440px) 100vw, 1440px\" \/>\t\t\t\t\t<\/a>\n\t\t\t\t\t\t\t\t\t<\/div>\n\t\t\t\t\t\t<h4 class=\"uagb-post__title uagb-post__text\">\n\t\t\t\t<a href=\"https:\/\/radiorcj.com.br\/radio\/2023\/04\/10\/abertura-nem-me-fale-podcast\/\" target=\"_self\" rel=\"bookmark noopener noreferrer\">Abertura Nem Me Fale Podcast<\/a>\n\t\t\t<\/h4>\n\t\t\t\t\t\t<div class='uagb-post__text uagb-post-grid-byline'>\n\t\t\t\t\t\t\t<\/div>\n\t\t\t\t\t\t\t<div class='uagb-post__text uagb-post__excerpt'>\n\t\t\t\t\t<p>O podcast &#8220;Nem me fale&#8221; com&#8230;\t\t\t\t<\/div>\n\t\t\t\t\t\t<div class=\"uagb-post__text uagb-post__cta wp-block-button\">\n\t\t\t\t<a class=\"wp-block-button__link uagb-text-link\" style=\"\" href=\"https:\/\/radiorcj.com.br\/radio\/2023\/04\/10\/abertura-nem-me-fale-podcast\/\" target=\"_self\" rel=\"bookmark noopener noreferrer\">Ler mais<\/a>\n\t\t\t<\/div>\n\t\t\t\n\t\t\t\t\t\t\t\t\t<\/article>\n\t\t\t\t\t\t\t\t\t\t\t\t\t\t\t\t<article class=\"uagb-post__inner-wrap\">\t\t\t\t\t\t\t\t<div class='uagb-post__image'>\n\t\t\t\t\t\t\t\t\t<a href=\"https:\/\/radiorcj.com.br\/radio\/2023\/02\/08\/terremoto-de-magnitude-78-na-turquia-e-o-mais-forte-desde-1939\/\" target=\"_self\" rel=\"bookmark noopener noreferrer\"><img loading=\"lazy\" decoding=\"async\" width=\"900\" height=\"600\" src=\"https:\/\/radiorcj.com.br\/radio\/wp-content\/uploads\/2023\/02\/0602-terremoto5-3.webp\" class=\"attachment-full size-full\" alt=\"\" srcset=\"https:\/\/radiorcj.com.br\/radio\/wp-content\/uploads\/2023\/02\/0602-terremoto5-3.webp 900w, https:\/\/radiorcj.com.br\/radio\/wp-content\/uploads\/2023\/02\/0602-terremoto5-3-300x200.webp 300w, https:\/\/radiorcj.com.br\/radio\/wp-content\/uploads\/2023\/02\/0602-terremoto5-3-768x512.webp 768w\" sizes=\"auto, (max-width: 900px) 100vw, 900px\" \/>\t\t\t\t\t<\/a>\n\t\t\t\t\t\t\t\t\t<\/div>\n\t\t\t\t\t\t<h4 class=\"uagb-post__title uagb-post__text\">\n\t\t\t\t<a href=\"https:\/\/radiorcj.com.br\/radio\/2023\/02\/08\/terremoto-de-magnitude-78-na-turquia-e-o-mais-forte-desde-1939\/\" target=\"_self\" rel=\"bookmark noopener noreferrer\">Terremoto de magnitude 7,8 na Turquia \u00e9 o mais forte desde 1939<\/a>\n\t\t\t<\/h4>\n\t\t\t\t\t\t<div class='uagb-post__text uagb-post-grid-byline'>\n\t\t\t\t\t\t\t<\/div>\n\t\t\t\t\t\t\t<div class='uagb-post__text uagb-post__excerpt'>\n\t\t\t\t\t<p>Mais de 3 mil pessoas morreram&#8230;\t\t\t\t<\/div>\n\t\t\t\t\t\t<div class=\"uagb-post__text uagb-post__cta wp-block-button\">\n\t\t\t\t<a class=\"wp-block-button__link uagb-text-link\" style=\"\" href=\"https:\/\/radiorcj.com.br\/radio\/2023\/02\/08\/terremoto-de-magnitude-78-na-turquia-e-o-mais-forte-desde-1939\/\" target=\"_self\" rel=\"bookmark noopener noreferrer\">Ler mais<\/a>\n\t\t\t<\/div>\n\t\t\t\n\t\t\t\t\t\t\t\t\t<\/article>\n\t\t\t\t\t\t\t\t\t\t\t\t\t\t\t\t<article class=\"uagb-post__inner-wrap\">\t\t\t\t\t\t\t\t<div class='uagb-post__image'>\n\t\t\t\t\t\t\t\t\t<a href=\"https:\/\/radiorcj.com.br\/radio\/2022\/09\/16\/filme-sobre-a-carreira-de-whitney-houston-ganha-1o-trailer\/\" target=\"_self\" rel=\"bookmark noopener noreferrer\"><img loading=\"lazy\" decoding=\"async\" width=\"790\" height=\"527\" src=\"https:\/\/radiorcj.com.br\/radio\/wp-content\/uploads\/2022\/09\/I-Wanna-Dance-with-Somebody.jpg\" class=\"attachment-full size-full\" alt=\"\" srcset=\"https:\/\/radiorcj.com.br\/radio\/wp-content\/uploads\/2022\/09\/I-Wanna-Dance-with-Somebody.jpg 790w, https:\/\/radiorcj.com.br\/radio\/wp-content\/uploads\/2022\/09\/I-Wanna-Dance-with-Somebody-300x200.jpg 300w, https:\/\/radiorcj.com.br\/radio\/wp-content\/uploads\/2022\/09\/I-Wanna-Dance-with-Somebody-768x512.jpg 768w\" sizes=\"auto, (max-width: 790px) 100vw, 790px\" \/>\t\t\t\t\t<\/a>\n\t\t\t\t\t\t\t\t\t<\/div>\n\t\t\t\t\t\t<h4 class=\"uagb-post__title uagb-post__text\">\n\t\t\t\t<a href=\"https:\/\/radiorcj.com.br\/radio\/2022\/09\/16\/filme-sobre-a-carreira-de-whitney-houston-ganha-1o-trailer\/\" target=\"_self\" rel=\"bookmark noopener noreferrer\">Filme sobre a carreira de Whitney Houston ganha 1\u00ba trailer<\/a>\n\t\t\t<\/h4>\n\t\t\t\t\t\t<div class='uagb-post__text uagb-post-grid-byline'>\n\t\t\t\t\t\t\t<\/div>\n\t\t\t\t\t\t\t<div class='uagb-post__text uagb-post__excerpt'>\n\t\t\t\t\t<p>Cinebiografia foi escrita pelo mesmo autor&#8230;\t\t\t\t<\/div>\n\t\t\t\t\t\t<div class=\"uagb-post__text uagb-post__cta wp-block-button\">\n\t\t\t\t<a class=\"wp-block-button__link uagb-text-link\" style=\"\" href=\"https:\/\/radiorcj.com.br\/radio\/2022\/09\/16\/filme-sobre-a-carreira-de-whitney-houston-ganha-1o-trailer\/\" target=\"_self\" rel=\"bookmark noopener noreferrer\">Ler mais<\/a>\n\t\t\t<\/div>\n\t\t\t\n\t\t\t\t\t\t\t\t\t<\/article>\n\t\t\t\t\t\t\t\t\t\t\t\t\t\t\t\t<article class=\"uagb-post__inner-wrap\">\t\t\t\t\t\t\t\t<div class='uagb-post__image'>\n\t\t\t\t\t\t\t\t\t<a href=\"https:\/\/radiorcj.com.br\/radio\/2022\/06\/13\/nao-perca-nada\/\" target=\"_self\" rel=\"bookmark noopener noreferrer\"><img loading=\"lazy\" decoding=\"async\" width=\"868\" height=\"644\" src=\"https:\/\/radiorcj.com.br\/radio\/wp-content\/uploads\/2022\/06\/Programacao.jpg\" class=\"attachment-full size-full\" alt=\"\" srcset=\"https:\/\/radiorcj.com.br\/radio\/wp-content\/uploads\/2022\/06\/Programacao.jpg 868w, https:\/\/radiorcj.com.br\/radio\/wp-content\/uploads\/2022\/06\/Programacao-300x223.jpg 300w, https:\/\/radiorcj.com.br\/radio\/wp-content\/uploads\/2022\/06\/Programacao-768x570.jpg 768w\" sizes=\"auto, (max-width: 868px) 100vw, 868px\" \/>\t\t\t\t\t<\/a>\n\t\t\t\t\t\t\t\t\t<\/div>\n\t\t\t\t\t\t<h4 class=\"uagb-post__title uagb-post__text\">\n\t\t\t\t<a href=\"https:\/\/radiorcj.com.br\/radio\/2022\/06\/13\/nao-perca-nada\/\" target=\"_self\" rel=\"bookmark noopener noreferrer\">24 Horas no ar !!!!!! Desde 2012<\/a>\n\t\t\t<\/h4>\n\t\t\t\t\t\t<div class='uagb-post__text uagb-post-grid-byline'>\n\t\t\t\t\t\t\t<\/div>\n\t\t\t\t\t\t\t<div class='uagb-post__text uagb-post__excerpt'>\n\t\t\t\t\t<p>N\u00e3o perca nada!!!! Confira aqui toda&#8230;\t\t\t\t<\/div>\n\t\t\t\t\t\t<div class=\"uagb-post__text uagb-post__cta wp-block-button\">\n\t\t\t\t<a class=\"wp-block-button__link uagb-text-link\" style=\"\" href=\"https:\/\/radiorcj.com.br\/radio\/2022\/06\/13\/nao-perca-nada\/\" target=\"_self\" rel=\"bookmark noopener noreferrer\">Ler mais<\/a>\n\t\t\t<\/div>\n\t\t\t\n\t\t\t\t\t\t\t\t\t<\/article>\n\t\t\t\t\t\t\t\t\t\t\t\t\t\t\t\t<article class=\"uagb-post__inner-wrap\">\t\t\t\t\t\t\t\t<div class='uagb-post__image'>\n\t\t\t\t\t\t\t\t\t<a href=\"https:\/\/radiorcj.com.br\/radio\/2022\/06\/11\/partituras-apresenta-concerto-de-orgaos-em-tiradentes-e-na-franca\/\" target=\"_self\" rel=\"bookmark noopener noreferrer\"><img loading=\"lazy\" decoding=\"async\" width=\"1170\" height=\"700\" src=\"https:\/\/radiorcj.com.br\/radio\/wp-content\/uploads\/2022\/06\/Partituras.jpg\" class=\"attachment-full size-full\" alt=\"\" srcset=\"https:\/\/radiorcj.com.br\/radio\/wp-content\/uploads\/2022\/06\/Partituras.jpg 1170w, https:\/\/radiorcj.com.br\/radio\/wp-content\/uploads\/2022\/06\/Partituras-300x179.jpg 300w, https:\/\/radiorcj.com.br\/radio\/wp-content\/uploads\/2022\/06\/Partituras-1024x613.jpg 1024w, https:\/\/radiorcj.com.br\/radio\/wp-content\/uploads\/2022\/06\/Partituras-768x459.jpg 768w\" sizes=\"auto, (max-width: 1170px) 100vw, 1170px\" \/>\t\t\t\t\t<\/a>\n\t\t\t\t\t\t\t\t\t<\/div>\n\t\t\t\t\t\t<h4 class=\"uagb-post__title uagb-post__text\">\n\t\t\t\t<a href=\"https:\/\/radiorcj.com.br\/radio\/2022\/06\/11\/partituras-apresenta-concerto-de-orgaos-em-tiradentes-e-na-franca\/\" target=\"_self\" rel=\"bookmark noopener noreferrer\">Partituras apresenta concerto de \u00f3rg\u00e3os em Tiradentes e na Fran\u00e7a<\/a>\n\t\t\t<\/h4>\n\t\t\t\t\t\t<div class='uagb-post__text uagb-post-grid-byline'>\n\t\t\t\t\t\t\t<\/div>\n\t\t\t\t\t\t\t<div class='uagb-post__text uagb-post__excerpt'>\n\t\t\t\t\t<p>Produ\u00e7\u00e3o associa excel\u00eancia da arquitetura barroca&#8230;\t\t\t\t<\/div>\n\t\t\t\t\t\t<div class=\"uagb-post__text uagb-post__cta wp-block-button\">\n\t\t\t\t<a class=\"wp-block-button__link uagb-text-link\" style=\"\" href=\"https:\/\/radiorcj.com.br\/radio\/2022\/06\/11\/partituras-apresenta-concerto-de-orgaos-em-tiradentes-e-na-franca\/\" target=\"_self\" rel=\"bookmark noopener noreferrer\">Ler mais<\/a>\n\t\t\t<\/div>\n\t\t\t\n\t\t\t\t\t\t\t\t\t<\/article>\n\t\t\t\t\t\t\t\t\t\t\t\t\t\t\t\t<article class=\"uagb-post__inner-wrap\">\t\t\t\t\t\t\t\t<div class='uagb-post__image'>\n\t\t\t\t\t\t\t\t\t<a href=\"https:\/\/radiorcj.com.br\/radio\/2022\/05\/05\/lingua-portuguesa-e-a-quarta-mais-falada-no-mundo\/\" target=\"_self\" rel=\"bookmark noopener noreferrer\"><img loading=\"lazy\" decoding=\"async\" width=\"1170\" height=\"700\" src=\"https:\/\/radiorcj.com.br\/radio\/wp-content\/uploads\/2022\/05\/Lingua-Portuguesa.jpg\" class=\"attachment-full size-full\" alt=\"\" srcset=\"https:\/\/radiorcj.com.br\/radio\/wp-content\/uploads\/2022\/05\/Lingua-Portuguesa.jpg 1170w, https:\/\/radiorcj.com.br\/radio\/wp-content\/uploads\/2022\/05\/Lingua-Portuguesa-300x179.jpg 300w, https:\/\/radiorcj.com.br\/radio\/wp-content\/uploads\/2022\/05\/Lingua-Portuguesa-1024x613.jpg 1024w, https:\/\/radiorcj.com.br\/radio\/wp-content\/uploads\/2022\/05\/Lingua-Portuguesa-768x459.jpg 768w\" sizes=\"auto, (max-width: 1170px) 100vw, 1170px\" \/>\t\t\t\t\t<\/a>\n\t\t\t\t\t\t\t\t\t<\/div>\n\t\t\t\t\t\t<h4 class=\"uagb-post__title uagb-post__text\">\n\t\t\t\t<a href=\"https:\/\/radiorcj.com.br\/radio\/2022\/05\/05\/lingua-portuguesa-e-a-quarta-mais-falada-no-mundo\/\" target=\"_self\" rel=\"bookmark noopener noreferrer\">L\u00edngua portuguesa \u00e9 a quarta mais falada no mundo<\/a>\n\t\t\t<\/h4>\n\t\t\t\t\t\t<div class='uagb-post__text uagb-post-grid-byline'>\n\t\t\t\t\t\t\t<\/div>\n\t\t\t\t\t\t\t<div class='uagb-post__text uagb-post__excerpt'>\n\t\t\t\t\t<p>Idioma \u00e9 usado por 260 milh\u00f5es&#8230;\t\t\t\t<\/div>\n\t\t\t\t\t\t<div class=\"uagb-post__text uagb-post__cta wp-block-button\">\n\t\t\t\t<a class=\"wp-block-button__link uagb-text-link\" style=\"\" href=\"https:\/\/radiorcj.com.br\/radio\/2022\/05\/05\/lingua-portuguesa-e-a-quarta-mais-falada-no-mundo\/\" target=\"_self\" rel=\"bookmark noopener noreferrer\">Ler mais<\/a>\n\t\t\t<\/div>\n\t\t\t\n\t\t\t\t\t\t\t\t\t<\/article>\n\t\t\t\t\t\t\t\t\t\t\t\t\t\t\t\t<article class=\"uagb-post__inner-wrap\">\t\t\t\t\t\t\t\t<div class='uagb-post__image'>\n\t\t\t\t\t\t\t\t\t<a href=\"https:\/\/radiorcj.com.br\/radio\/2022\/05\/05\/alma-blues-celebra-os-111-anos-de-nascimento-de-robert-johnson\/\" target=\"_self\" rel=\"bookmark noopener noreferrer\"><img loading=\"lazy\" decoding=\"async\" width=\"1200\" height=\"1191\" src=\"https:\/\/radiorcj.com.br\/radio\/wp-content\/uploads\/2022\/05\/Robert-Johnson.jpg\" class=\"attachment-full size-full\" alt=\"\" srcset=\"https:\/\/radiorcj.com.br\/radio\/wp-content\/uploads\/2022\/05\/Robert-Johnson.jpg 1200w, https:\/\/radiorcj.com.br\/radio\/wp-content\/uploads\/2022\/05\/Robert-Johnson-300x298.jpg 300w, https:\/\/radiorcj.com.br\/radio\/wp-content\/uploads\/2022\/05\/Robert-Johnson-1024x1016.jpg 1024w, https:\/\/radiorcj.com.br\/radio\/wp-content\/uploads\/2022\/05\/Robert-Johnson-150x150.jpg 150w, https:\/\/radiorcj.com.br\/radio\/wp-content\/uploads\/2022\/05\/Robert-Johnson-768x762.jpg 768w, https:\/\/radiorcj.com.br\/radio\/wp-content\/uploads\/2022\/05\/Robert-Johnson-50x50.jpg 50w\" sizes=\"auto, (max-width: 1200px) 100vw, 1200px\" \/>\t\t\t\t\t<\/a>\n\t\t\t\t\t\t\t\t\t<\/div>\n\t\t\t\t\t\t<h4 class=\"uagb-post__title uagb-post__text\">\n\t\t\t\t<a href=\"https:\/\/radiorcj.com.br\/radio\/2022\/05\/05\/alma-blues-celebra-os-111-anos-de-nascimento-de-robert-johnson\/\" target=\"_self\" rel=\"bookmark noopener noreferrer\">Alma Blues celebra os 111 anos de nascimento de Robert Johnson<\/a>\n\t\t\t<\/h4>\n\t\t\t\t\t\t<div class='uagb-post__text uagb-post-grid-byline'>\n\t\t\t\t\t\t\t<\/div>\n\t\t\t\t\t\t\t<div class='uagb-post__text uagb-post__excerpt'>\n\t\t\t\t\t<p>Programa apresenta cl\u00e1ssicos do lend\u00e1rio Robert&#8230;\t\t\t\t<\/div>\n\t\t\t\t\t\t<div class=\"uagb-post__text uagb-post__cta wp-block-button\">\n\t\t\t\t<a class=\"wp-block-button__link uagb-text-link\" style=\"\" href=\"https:\/\/radiorcj.com.br\/radio\/2022\/05\/05\/alma-blues-celebra-os-111-anos-de-nascimento-de-robert-johnson\/\" target=\"_self\" rel=\"bookmark noopener noreferrer\">Ler mais<\/a>\n\t\t\t<\/div>\n\t\t\t\n\t\t\t\t\t\t\t\t\t<\/article>\n\t\t\t\t\t\t\t\t\t\t\t\t\t\t\t\t<article class=\"uagb-post__inner-wrap\">\t\t\t\t\t\t\t\t<div class='uagb-post__image'>\n\t\t\t\t\t\t\t\t\t<a href=\"https:\/\/radiorcj.com.br\/radio\/2022\/05\/05\/indicador-de-emprego-da-fgv-avanca-45-pontos-em-abril\/\" target=\"_self\" rel=\"bookmark noopener noreferrer\"><img loading=\"lazy\" decoding=\"async\" width=\"1170\" height=\"700\" src=\"https:\/\/radiorcj.com.br\/radio\/wp-content\/uploads\/2022\/05\/Indicador-Emprego.jpg\" class=\"attachment-full size-full\" alt=\"\" srcset=\"https:\/\/radiorcj.com.br\/radio\/wp-content\/uploads\/2022\/05\/Indicador-Emprego.jpg 1170w, https:\/\/radiorcj.com.br\/radio\/wp-content\/uploads\/2022\/05\/Indicador-Emprego-300x179.jpg 300w, https:\/\/radiorcj.com.br\/radio\/wp-content\/uploads\/2022\/05\/Indicador-Emprego-1024x613.jpg 1024w, https:\/\/radiorcj.com.br\/radio\/wp-content\/uploads\/2022\/05\/Indicador-Emprego-768x459.jpg 768w\" sizes=\"auto, (max-width: 1170px) 100vw, 1170px\" \/>\t\t\t\t\t<\/a>\n\t\t\t\t\t\t\t\t\t<\/div>\n\t\t\t\t\t\t<h4 class=\"uagb-post__title uagb-post__text\">\n\t\t\t\t<a href=\"https:\/\/radiorcj.com.br\/radio\/2022\/05\/05\/indicador-de-emprego-da-fgv-avanca-45-pontos-em-abril\/\" target=\"_self\" rel=\"bookmark noopener noreferrer\">Indicador de emprego da FGV avan\u00e7a 4,5 pontos em abril<\/a>\n\t\t\t<\/h4>\n\t\t\t\t\t\t<div class='uagb-post__text uagb-post-grid-byline'>\n\t\t\t\t\t\t\t<\/div>\n\t\t\t\t\t\t\t<div class='uagb-post__text uagb-post__excerpt'>\n\t\t\t\t\t<p>Com o resultado, Iaemp atingiu 79,5&#8230;\t\t\t\t<\/div>\n\t\t\t\t\t\t<div class=\"uagb-post__text uagb-post__cta wp-block-button\">\n\t\t\t\t<a class=\"wp-block-button__link uagb-text-link\" style=\"\" href=\"https:\/\/radiorcj.com.br\/radio\/2022\/05\/05\/indicador-de-emprego-da-fgv-avanca-45-pontos-em-abril\/\" target=\"_self\" rel=\"bookmark noopener noreferrer\">Ler mais<\/a>\n\t\t\t<\/div>\n\t\t\t\n\t\t\t\t\t\t\t\t\t<\/article>\n\t\t\t\t\t\t\t\t\t\t\t\t\t\t\t\t<article class=\"uagb-post__inner-wrap\">\t\t\t\t\t\t\t\t<div class='uagb-post__image'>\n\t\t\t\t\t\t\t\t\t<a href=\"https:\/\/radiorcj.com.br\/radio\/2022\/05\/05\/casos-de-sindrome-respiratoria-aguda-grave-voltam-a-crescer\/\" target=\"_self\" rel=\"bookmark noopener noreferrer\"><img loading=\"lazy\" decoding=\"async\" width=\"390\" height=\"240\" src=\"https:\/\/radiorcj.com.br\/radio\/wp-content\/uploads\/2022\/05\/Vacina-Gripe.jpg\" class=\"attachment-full size-full\" alt=\"\" srcset=\"https:\/\/radiorcj.com.br\/radio\/wp-content\/uploads\/2022\/05\/Vacina-Gripe.jpg 390w, https:\/\/radiorcj.com.br\/radio\/wp-content\/uploads\/2022\/05\/Vacina-Gripe-300x185.jpg 300w\" sizes=\"auto, (max-width: 390px) 100vw, 390px\" \/>\t\t\t\t\t<\/a>\n\t\t\t\t\t\t\t\t\t<\/div>\n\t\t\t\t\t\t<h4 class=\"uagb-post__title uagb-post__text\">\n\t\t\t\t<a href=\"https:\/\/radiorcj.com.br\/radio\/2022\/05\/05\/casos-de-sindrome-respiratoria-aguda-grave-voltam-a-crescer\/\" target=\"_self\" rel=\"bookmark noopener noreferrer\">Casos de S\u00edndrome Respirat\u00f3ria Aguda Grave voltam a crescer<\/a>\n\t\t\t<\/h4>\n\t\t\t\t\t\t<div class='uagb-post__text uagb-post-grid-byline'>\n\t\t\t\t\t\t\t<\/div>\n\t\t\t\t\t\t\t<div class='uagb-post__text uagb-post__excerpt'>\n\t\t\t\t\t<p>Fiocruz estima 4,7 mil ocorr\u00eancias na&#8230;\t\t\t\t<\/div>\n\t\t\t\t\t\t<div class=\"uagb-post__text uagb-post__cta wp-block-button\">\n\t\t\t\t<a class=\"wp-block-button__link uagb-text-link\" style=\"\" href=\"https:\/\/radiorcj.com.br\/radio\/2022\/05\/05\/casos-de-sindrome-respiratoria-aguda-grave-voltam-a-crescer\/\" target=\"_self\" rel=\"bookmark noopener noreferrer\">Ler mais<\/a>\n\t\t\t<\/div>\n\t\t\t\n\t\t\t\t\t\t\t\t\t<\/article>\n\t\t\t\t\t\t\t\t\t\t\t\t\t\t\t\t<article class=\"uagb-post__inner-wrap\">\t\t\t\t\t\t\t\t<div class='uagb-post__image'>\n\t\t\t\t\t\t\t\t\t<a href=\"https:\/\/radiorcj.com.br\/radio\/2021\/03\/23\/os-mais-importantes-nomes-de-jundiai-estao-aqui\/\" target=\"_self\" rel=\"bookmark noopener noreferrer\"><img loading=\"lazy\" decoding=\"async\" width=\"1280\" height=\"720\" src=\"https:\/\/radiorcj.com.br\/radio\/wp-content\/uploads\/2021\/03\/RB_TVRevista_Moment.jpg\" class=\"attachment-full size-full\" alt=\"\" srcset=\"https:\/\/radiorcj.com.br\/radio\/wp-content\/uploads\/2021\/03\/RB_TVRevista_Moment.jpg 1280w, https:\/\/radiorcj.com.br\/radio\/wp-content\/uploads\/2021\/03\/RB_TVRevista_Moment-300x169.jpg 300w, https:\/\/radiorcj.com.br\/radio\/wp-content\/uploads\/2021\/03\/RB_TVRevista_Moment-1024x576.jpg 1024w, https:\/\/radiorcj.com.br\/radio\/wp-content\/uploads\/2021\/03\/RB_TVRevista_Moment-768x432.jpg 768w\" sizes=\"auto, (max-width: 1280px) 100vw, 1280px\" \/>\t\t\t\t\t<\/a>\n\t\t\t\t\t\t\t\t\t<\/div>\n\t\t\t\t\t\t<h4 class=\"uagb-post__title uagb-post__text\">\n\t\t\t\t<a href=\"https:\/\/radiorcj.com.br\/radio\/2021\/03\/23\/os-mais-importantes-nomes-de-jundiai-estao-aqui\/\" target=\"_self\" rel=\"bookmark noopener noreferrer\">Os mais importantes passam por aqui<\/a>\n\t\t\t<\/h4>\n\t\t\t\t\t\t<div class='uagb-post__text uagb-post-grid-byline'>\n\t\t\t\t\t\t\t<\/div>\n\t\t\t\t\t\t\t<div class='uagb-post__text uagb-post__excerpt'>\n\t\t\t\t\t<p>https:\/\/youtu.be\/QoXEGuYUPWE<\/p>\n\t\t\t\t<\/div>\n\t\t\t\t\t\t<div class=\"uagb-post__text uagb-post__cta wp-block-button\">\n\t\t\t\t<a class=\"wp-block-button__link uagb-text-link\" style=\"\" href=\"https:\/\/radiorcj.com.br\/radio\/2021\/03\/23\/os-mais-importantes-nomes-de-jundiai-estao-aqui\/\" target=\"_self\" rel=\"bookmark noopener noreferrer\">Ler mais<\/a>\n\t\t\t<\/div>\n\t\t\t\n\t\t\t\t\t\t\t\t\t<\/article>\n\t\t\t\t\t\t\t\t\t\t\t\t\t\t\t\t<article class=\"uagb-post__inner-wrap\">\t\t\t\t\t\t\t\t<div class='uagb-post__image'>\n\t\t\t\t\t\t\t\t\t<a href=\"https:\/\/radiorcj.com.br\/radio\/2021\/03\/23\/web-reporter\/\" target=\"_self\" rel=\"bookmark noopener noreferrer\"><img loading=\"lazy\" decoding=\"async\" width=\"1280\" height=\"720\" src=\"https:\/\/radiorcj.com.br\/radio\/wp-content\/uploads\/2021\/03\/RB_WEB_Reporter_Moment.jpg\" class=\"attachment-full size-full\" alt=\"\" srcset=\"https:\/\/radiorcj.com.br\/radio\/wp-content\/uploads\/2021\/03\/RB_WEB_Reporter_Moment.jpg 1280w, https:\/\/radiorcj.com.br\/radio\/wp-content\/uploads\/2021\/03\/RB_WEB_Reporter_Moment-300x169.jpg 300w, https:\/\/radiorcj.com.br\/radio\/wp-content\/uploads\/2021\/03\/RB_WEB_Reporter_Moment-1024x576.jpg 1024w, https:\/\/radiorcj.com.br\/radio\/wp-content\/uploads\/2021\/03\/RB_WEB_Reporter_Moment-768x432.jpg 768w\" sizes=\"auto, (max-width: 1280px) 100vw, 1280px\" \/>\t\t\t\t\t<\/a>\n\t\t\t\t\t\t\t\t\t<\/div>\n\t\t\t\t\t\t<h4 class=\"uagb-post__title uagb-post__text\">\n\t\t\t\t<a href=\"https:\/\/radiorcj.com.br\/radio\/2021\/03\/23\/web-reporter\/\" target=\"_self\" rel=\"bookmark noopener noreferrer\">Os problemas de seu bairro na WEB<\/a>\n\t\t\t<\/h4>\n\t\t\t\t\t\t<div class='uagb-post__text uagb-post-grid-byline'>\n\t\t\t\t\t\t\t<\/div>\n\t\t\t\t\t\t\t<div class='uagb-post__text uagb-post__excerpt'>\n\t\t\t\t\t<p>https:\/\/youtu.be\/p9YCiSbuag0<\/p>\n\t\t\t\t<\/div>\n\t\t\t\t\t\t<div class=\"uagb-post__text uagb-post__cta wp-block-button\">\n\t\t\t\t<a class=\"wp-block-button__link uagb-text-link\" style=\"\" href=\"https:\/\/radiorcj.com.br\/radio\/2021\/03\/23\/web-reporter\/\" target=\"_self\" rel=\"bookmark noopener noreferrer\">Ler mais<\/a>\n\t\t\t<\/div>\n\t\t\t\n\t\t\t\t\t\t\t\t\t<\/article>\n\t\t\t\t\t\t\t\t\t\t\t\t\t\t\t\t<article class=\"uagb-post__inner-wrap\">\t\t\t\t\t\t\t\t<div class='uagb-post__image'>\n\t\t\t\t\t\t\t\t\t<a href=\"https:\/\/radiorcj.com.br\/radio\/2021\/03\/22\/soujundiai\/\" target=\"_self\" rel=\"bookmark noopener noreferrer\"><img loading=\"lazy\" decoding=\"async\" width=\"868\" height=\"645\" src=\"https:\/\/radiorcj.com.br\/radio\/wp-content\/uploads\/2021\/03\/sou_jundiai.gif\" class=\"attachment-full size-full\" alt=\"\" \/>\t\t\t\t\t<\/a>\n\t\t\t\t\t\t\t\t\t<\/div>\n\t\t\t\t\t\t<h4 class=\"uagb-post__title uagb-post__text\">\n\t\t\t\t<a href=\"https:\/\/radiorcj.com.br\/radio\/2021\/03\/22\/soujundiai\/\" target=\"_self\" rel=\"bookmark noopener noreferrer\">#soujundia\u00ed<\/a>\n\t\t\t<\/h4>\n\t\t\t\t\t\t<div class='uagb-post__text uagb-post-grid-byline'>\n\t\t\t\t\t\t\t<\/div>\n\t\t\t\t\t\t\t<div class='uagb-post__text uagb-post__excerpt'>\n\t\t\t\t\t\t\t\t\t<\/div>\n\t\t\t\t\t\t<div class=\"uagb-post__text uagb-post__cta wp-block-button\">\n\t\t\t\t<a class=\"wp-block-button__link uagb-text-link\" style=\"\" href=\"https:\/\/radiorcj.com.br\/radio\/2021\/03\/22\/soujundiai\/\" target=\"_self\" rel=\"bookmark noopener noreferrer\">Ler mais<\/a>\n\t\t\t<\/div>\n\t\t\t\n\t\t\t\t\t\t\t\t\t<\/article>\n\t\t\t\t\t\t\t\t\t\t\t<\/div>\n\t\t\t<\/div><\/div>\n","protected":false},"excerpt":{"rendered":"","protected":false},"author":1,"featured_media":0,"parent":0,"menu_order":0,"comment_status":"closed","ping_status":"closed","template":"","meta":{"_uag_custom_page_level_css":"","footnotes":""},"class_list":["post-945","page","type-page","status-publish","hentry"],"uagb_featured_image_src":{"full":false,"thumbnail":false,"medium":false,"medium_large":false,"large":false,"1536x1536":false,"2048x2048":false},"uagb_author_info":{"display_name":"Elcio Castilho","author_link":"https:\/\/radiorcj.com.br\/radio\/author\/elciocastilho\/"},"uagb_comment_info":0,"uagb_excerpt":null,"_links":{"self":[{"href":"https:\/\/radiorcj.com.br\/radio\/wp-json\/wp\/v2\/pages\/945","targetHints":{"allow":["GET"]}}],"collection":[{"href":"https:\/\/radiorcj.com.br\/radio\/wp-json\/wp\/v2\/pages"}],"about":[{"href":"https:\/\/radiorcj.com.br\/radio\/wp-json\/wp\/v2\/types\/page"}],"author":[{"embeddable":true,"href":"https:\/\/radiorcj.com.br\/radio\/wp-json\/wp\/v2\/users\/1"}],"replies":[{"embeddable":true,"href":"https:\/\/radiorcj.com.br\/radio\/wp-json\/wp\/v2\/comments?post=945"}],"version-history":[{"count":11,"href":"https:\/\/radiorcj.com.br\/radio\/wp-json\/wp\/v2\/pages\/945\/revisions"}],"predecessor-version":[{"id":962,"href":"https:\/\/radiorcj.com.br\/radio\/wp-json\/wp\/v2\/pages\/945\/revisions\/962"}],"wp:attachment":[{"href":"https:\/\/radiorcj.com.br\/radio\/wp-json\/wp\/v2\/media?parent=945"}],"curies":[{"name":"wp","href":"https:\/\/api.w.org\/{rel}","templated":true}]}}