{"id":295,"date":"2021-04-12T12:59:11","date_gmt":"2021-04-12T15:59:11","guid":{"rendered":"https:\/\/radiorcj.com.br\/radio\/?page_id=295"},"modified":"2025-08-13T13:37:15","modified_gmt":"2025-08-13T16:37:15","slug":"cadastro","status":"publish","type":"page","link":"https:\/\/radiorcj.com.br\/radio\/cadastro\/","title":{"rendered":"Nem me fale &#8211; TV Revista Brasil &#8211; R\u00e1dio Comunit\u00e1ria Jundia\u00ed"},"content":{"rendered":"\n<p class=\"has-text-align-center has-huge-font-size\"><strong>CADASTRO<\/strong><\/p>\n\n\n\n<p><\/p>\n\n\n\n<div class=\"wp-block-uagb-container uagb-block-2b338fb0 alignfull uagb-is-root-container\"><div class=\"uagb-container-inner-blocks-wrap\"><style id=\"wpforms-css-vars-291-block-732c15e6-8a3a-4253-872e-912777f9a48e\">\n\t\t\t\t#wpforms-291.wpforms-block-732c15e6-8a3a-4253-872e-912777f9a48e {\n\t\t\t\t--wpforms-field-size-input-height: 43px;\n--wpforms-field-size-input-spacing: 15px;\n--wpforms-field-size-font-size: 16px;\n--wpforms-field-size-line-height: 19px;\n--wpforms-field-size-padding-h: 14px;\n--wpforms-field-size-checkbox-size: 16px;\n--wpforms-field-size-sublabel-spacing: 5px;\n--wpforms-field-size-icon-size: 1;\n--wpforms-label-size-font-size: 16px;\n--wpforms-label-size-line-height: 19px;\n--wpforms-label-size-sublabel-font-size: 14px;\n--wpforms-label-size-sublabel-line-height: 17px;\n--wpforms-button-size-font-size: 17px;\n--wpforms-button-size-height: 41px;\n--wpforms-button-size-padding-h: 15px;\n--wpforms-button-size-margin-top: 10px;\n\n\t\t\t}\n\t\t\t<\/style><div class=\"wpforms-container wpforms-container-full wpforms-block wpforms-block-732c15e6-8a3a-4253-872e-912777f9a48e wpforms-render-modern\" id=\"wpforms-291\"><form id=\"wpforms-form-291\" class=\"wpforms-validate wpforms-form\" data-formid=\"291\" method=\"post\" enctype=\"multipart\/form-data\" action=\"\/radio\/wp-json\/wp\/v2\/pages\/295\" data-token=\"529d229f5c24764ca01fe491e73c2de0\" data-token-time=\"1776222211\"><noscript class=\"wpforms-error-noscript\">Ative o JavaScript no seu navegador para preencher este formul\u00e1rio.<\/noscript><div id=\"wpforms-error-noscript\" style=\"display: none;\">Ative o JavaScript no seu navegador para preencher este formul\u00e1rio.<\/div><div class=\"wpforms-field-container\"><div id=\"wpforms-291-field_0-container\" class=\"wpforms-field wpforms-field-name\" data-field-id=\"0\"><fieldset><legend class=\"wpforms-field-label\">Nome <span class=\"wpforms-required-label\" aria-hidden=\"true\">*<\/span><\/legend><div class=\"wpforms-field-row wpforms-field-medium\"><div class=\"wpforms-field-row-block wpforms-first wpforms-one-half\"><input type=\"text\" id=\"wpforms-291-field_0\" class=\"wpforms-field-name-first wpforms-field-required\" name=\"wpforms[fields][0][first]\" aria-errormessage=\"wpforms-291-field_0-error\" required><label for=\"wpforms-291-field_0\" class=\"wpforms-field-sublabel after\">Nome<\/label><\/div><div class=\"wpforms-field-row-block wpforms-one-half\"><input type=\"text\" id=\"wpforms-291-field_0-last\" class=\"wpforms-field-name-last wpforms-field-required\" name=\"wpforms[fields][0][last]\" aria-errormessage=\"wpforms-291-field_0-last-error\" required><label for=\"wpforms-291-field_0-last\" class=\"wpforms-field-sublabel after\">Sobrenome<\/label><\/div><\/div><\/fieldset><\/div><div id=\"wpforms-291-field_1-container\" class=\"wpforms-field wpforms-field-email\" data-field-id=\"1\"><label class=\"wpforms-field-label\" for=\"wpforms-291-field_1\">E-mail <span class=\"wpforms-required-label\" aria-hidden=\"true\">*<\/span><\/label><input type=\"email\" id=\"wpforms-291-field_1\" class=\"wpforms-field-medium wpforms-field-required\" name=\"wpforms[fields][1]\" spellcheck=\"false\" aria-errormessage=\"wpforms-291-field_1-error\" required><\/div><div id=\"wpforms-291-field_3-container\" class=\"wpforms-field wpforms-field-checkbox\" data-field-id=\"3\"><fieldset><legend class=\"wpforms-field-label\">Caixas de marca\u00e7\u00e3o <span class=\"wpforms-required-label\" aria-hidden=\"true\">*<\/span><\/legend><ul id=\"wpforms-291-field_3\" class=\"wpforms-field-required\"><li class=\"choice-1 depth-1 wpforms-selected\"><input type=\"checkbox\" id=\"wpforms-291-field_3_1\" name=\"wpforms[fields][3][]\" value=\"Sim, inscreva-me na newsletter\" aria-errormessage=\"wpforms-291-field_3_1-error\" required  checked='checked'><label class=\"wpforms-field-label-inline\" for=\"wpforms-291-field_3_1\">Sim, inscreva-me na newsletter<\/label><\/li><\/ul><\/fieldset><\/div><\/div><!-- .wpforms-field-container --><div class=\"wpforms-recaptcha-container wpforms-is-recaptcha wpforms-is-recaptcha-type-v2\" ><div class=\"g-recaptcha\" data-sitekey=\"6LcKIZMfAAAAAOUtDSjSG97gVS3ZxE4elnawgawf\"><\/div><input type=\"text\" name=\"g-recaptcha-hidden\" class=\"wpforms-recaptcha-hidden\" style=\"position:absolute!important;clip:rect(0,0,0,0)!important;height:1px!important;width:1px!important;border:0!important;overflow:hidden!important;padding:0!important;margin:0!important;\" data-rule-recaptcha=\"1\"><\/div><div class=\"wpforms-submit-container\" ><input type=\"hidden\" name=\"wpforms[id]\" value=\"291\"><input type=\"hidden\" name=\"page_title\" value=\"\"><input type=\"hidden\" name=\"page_url\" value=\"https:\/\/radiorcj.com.br\/radio\/wp-json\/wp\/v2\/pages\/295\"><input type=\"hidden\" name=\"url_referer\" value=\"\"><button type=\"submit\" name=\"wpforms[submit]\" id=\"wpforms-submit-291\" class=\"wpforms-submit\" data-alt-text=\"Enviando...\" data-submit-text=\"Enviar\" aria-live=\"assertive\" value=\"wpforms-submit\">Enviar<\/button><\/div><\/form><\/div>  <!-- .wpforms-container --><\/div><\/div>\n","protected":false},"excerpt":{"rendered":"<p>CADASTRO<\/p>\n","protected":false},"author":1,"featured_media":0,"parent":0,"menu_order":0,"comment_status":"closed","ping_status":"closed","template":"","meta":{"_uag_custom_page_level_css":"","footnotes":""},"class_list":["post-295","page","type-page","status-publish","hentry"],"uagb_featured_image_src":{"full":false,"thumbnail":false,"medium":false,"medium_large":false,"large":false,"1536x1536":false,"2048x2048":false},"uagb_author_info":{"display_name":"Elcio Castilho","author_link":"https:\/\/radiorcj.com.br\/radio\/author\/elciocastilho\/"},"uagb_comment_info":0,"uagb_excerpt":"CADASTRO","_links":{"self":[{"href":"https:\/\/radiorcj.com.br\/radio\/wp-json\/wp\/v2\/pages\/295","targetHints":{"allow":["GET"]}}],"collection":[{"href":"https:\/\/radiorcj.com.br\/radio\/wp-json\/wp\/v2\/pages"}],"about":[{"href":"https:\/\/radiorcj.com.br\/radio\/wp-json\/wp\/v2\/types\/page"}],"author":[{"embeddable":true,"href":"https:\/\/radiorcj.com.br\/radio\/wp-json\/wp\/v2\/users\/1"}],"replies":[{"embeddable":true,"href":"https:\/\/radiorcj.com.br\/radio\/wp-json\/wp\/v2\/comments?post=295"}],"version-history":[{"count":8,"href":"https:\/\/radiorcj.com.br\/radio\/wp-json\/wp\/v2\/pages\/295\/revisions"}],"predecessor-version":[{"id":931,"href":"https:\/\/radiorcj.com.br\/radio\/wp-json\/wp\/v2\/pages\/295\/revisions\/931"}],"wp:attachment":[{"href":"https:\/\/radiorcj.com.br\/radio\/wp-json\/wp\/v2\/media?parent=295"}],"curies":[{"name":"wp","href":"https:\/\/api.w.org\/{rel}","templated":true}]}}